{"id":2893,"date":"2019-05-03T12:05:20","date_gmt":"2019-05-03T09:05:20","guid":{"rendered":"https:\/\/www.summersenses.gr\/paros-luxury-accommodation\/"},"modified":"2026-04-14T14:57:01","modified_gmt":"2026-04-14T11:57:01","slug":"paros-luxury-accommodation","status":"publish","type":"page","link":"https:\/\/www.summersenses.gr\/fr\/paros-luxury-accommodation\/","title":{"rendered":"Logement"},"content":{"rendered":"","protected":false},"excerpt":{"rendered":"","protected":false},"author":1,"featured_media":0,"parent":0,"menu_order":4,"comment_status":"closed","ping_status":"closed","template":"templates\/accommodation.php","meta":{"_acf_changed":false,"footnotes":""},"class_list":["post-2893","page","type-page","status-publish","hentry"],"acf":[],"yoast_head":"<!-- This site is optimized with the Yoast SEO plugin v25.7 - https:\/\/yoast.com\/wordpress\/plugins\/seo\/ -->\n<title>Logement Luxueux \u00e0 Paros | Chambres &amp; Suites de Luxe<\/title>\n<meta name=\"description\" content=\"Summer Senses est le premier choix des voyageurs, offrant un s\u00e9jour de luxe sur l&#039;\u00eele de Paros, avec un choix de 100 chambres et suites haut de gamme.\" \/>\n<meta name=\"robots\" content=\"index, follow, max-snippet:-1, max-image-preview:large, max-video-preview:-1\" \/>\n<link rel=\"canonical\" href=\"https:\/\/www.summersenses.gr\/fr\/paros-luxury-accommodation\/\" \/>\n<meta property=\"og:locale\" content=\"fr_FR\" \/>\n<meta property=\"og:type\" content=\"article\" \/>\n<meta property=\"og:title\" content=\"Logement Luxueux \u00e0 Paros | Chambres &amp; Suites de Luxe\" \/>\n<meta property=\"og:description\" content=\"Summer Senses est le premier choix des voyageurs, offrant un s\u00e9jour de luxe sur l&#039;\u00eele de Paros, avec un choix de 100 chambres et suites haut de gamme.\" \/>\n<meta property=\"og:url\" content=\"https:\/\/www.summersenses.gr\/fr\/paros-luxury-accommodation\/\" \/>\n<meta property=\"og:site_name\" content=\"Summer Senses Luxury Resort\" \/>\n<meta property=\"article:modified_time\" content=\"2026-04-14T11:57:01+00:00\" \/>\n<meta name=\"twitter:card\" content=\"summary_large_image\" \/>\n<script type=\"application\/ld+json\" class=\"yoast-schema-graph\">{\"@context\":\"https:\/\/schema.org\",\"@graph\":[{\"@type\":\"WebPage\",\"@id\":\"https:\/\/www.summersenses.gr\/fr\/paros-luxury-accommodation\/\",\"url\":\"https:\/\/www.summersenses.gr\/fr\/paros-luxury-accommodation\/\",\"name\":\"Logement Luxueux \u00e0 Paros | Chambres & Suites de Luxe\",\"isPartOf\":{\"@id\":\"https:\/\/www.summersenses.gr\/fr\/#website\"},\"datePublished\":\"2019-05-03T09:05:20+00:00\",\"dateModified\":\"2026-04-14T11:57:01+00:00\",\"description\":\"Summer Senses est le premier choix des voyageurs, offrant un s\u00e9jour de luxe sur l'\u00eele de Paros, avec un choix de 100 chambres et suites haut de gamme.\",\"breadcrumb\":{\"@id\":\"https:\/\/www.summersenses.gr\/fr\/paros-luxury-accommodation\/#breadcrumb\"},\"inLanguage\":\"fr-FR\",\"potentialAction\":[{\"@type\":\"ReadAction\",\"target\":[\"https:\/\/www.summersenses.gr\/fr\/paros-luxury-accommodation\/\"]}]},{\"@type\":\"BreadcrumbList\",\"@id\":\"https:\/\/www.summersenses.gr\/fr\/paros-luxury-accommodation\/#breadcrumb\",\"itemListElement\":[{\"@type\":\"ListItem\",\"position\":1,\"name\":\"Home\",\"item\":\"https:\/\/www.summersenses.gr\/fr\/\"},{\"@type\":\"ListItem\",\"position\":2,\"name\":\"Logement\"}]},{\"@type\":\"WebSite\",\"@id\":\"https:\/\/www.summersenses.gr\/fr\/#website\",\"url\":\"https:\/\/www.summersenses.gr\/fr\/\",\"name\":\"Summer Senses Luxury Resort\",\"description\":\"\",\"potentialAction\":[{\"@type\":\"SearchAction\",\"target\":{\"@type\":\"EntryPoint\",\"urlTemplate\":\"https:\/\/www.summersenses.gr\/fr\/?s={search_term_string}\"},\"query-input\":{\"@type\":\"PropertyValueSpecification\",\"valueRequired\":true,\"valueName\":\"search_term_string\"}}],\"inLanguage\":\"fr-FR\"}]}<\/script>\n<!-- \/ Yoast SEO plugin. -->","yoast_head_json":{"title":"Logement Luxueux \u00e0 Paros | Chambres & Suites de Luxe","description":"Summer Senses est le premier choix des voyageurs, offrant un s\u00e9jour de luxe sur l'\u00eele de Paros, avec un choix de 100 chambres et suites haut de gamme.","robots":{"index":"index","follow":"follow","max-snippet":"max-snippet:-1","max-image-preview":"max-image-preview:large","max-video-preview":"max-video-preview:-1"},"canonical":"https:\/\/www.summersenses.gr\/fr\/paros-luxury-accommodation\/","og_locale":"fr_FR","og_type":"article","og_title":"Logement Luxueux \u00e0 Paros | Chambres & Suites de Luxe","og_description":"Summer Senses est le premier choix des voyageurs, offrant un s\u00e9jour de luxe sur l'\u00eele de Paros, avec un choix de 100 chambres et suites haut de gamme.","og_url":"https:\/\/www.summersenses.gr\/fr\/paros-luxury-accommodation\/","og_site_name":"Summer Senses Luxury Resort","article_modified_time":"2026-04-14T11:57:01+00:00","twitter_card":"summary_large_image","schema":{"@context":"https:\/\/schema.org","@graph":[{"@type":"WebPage","@id":"https:\/\/www.summersenses.gr\/fr\/paros-luxury-accommodation\/","url":"https:\/\/www.summersenses.gr\/fr\/paros-luxury-accommodation\/","name":"Logement Luxueux \u00e0 Paros | Chambres & Suites de Luxe","isPartOf":{"@id":"https:\/\/www.summersenses.gr\/fr\/#website"},"datePublished":"2019-05-03T09:05:20+00:00","dateModified":"2026-04-14T11:57:01+00:00","description":"Summer Senses est le premier choix des voyageurs, offrant un s\u00e9jour de luxe sur l'\u00eele de Paros, avec un choix de 100 chambres et suites haut de gamme.","breadcrumb":{"@id":"https:\/\/www.summersenses.gr\/fr\/paros-luxury-accommodation\/#breadcrumb"},"inLanguage":"fr-FR","potentialAction":[{"@type":"ReadAction","target":["https:\/\/www.summersenses.gr\/fr\/paros-luxury-accommodation\/"]}]},{"@type":"BreadcrumbList","@id":"https:\/\/www.summersenses.gr\/fr\/paros-luxury-accommodation\/#breadcrumb","itemListElement":[{"@type":"ListItem","position":1,"name":"Home","item":"https:\/\/www.summersenses.gr\/fr\/"},{"@type":"ListItem","position":2,"name":"Logement"}]},{"@type":"WebSite","@id":"https:\/\/www.summersenses.gr\/fr\/#website","url":"https:\/\/www.summersenses.gr\/fr\/","name":"Summer Senses Luxury Resort","description":"","potentialAction":[{"@type":"SearchAction","target":{"@type":"EntryPoint","urlTemplate":"https:\/\/www.summersenses.gr\/fr\/?s={search_term_string}"},"query-input":{"@type":"PropertyValueSpecification","valueRequired":true,"valueName":"search_term_string"}}],"inLanguage":"fr-FR"}]}},"_links":{"self":[{"href":"https:\/\/www.summersenses.gr\/fr\/wp-json\/wp\/v2\/pages\/2893","targetHints":{"allow":["GET"]}}],"collection":[{"href":"https:\/\/www.summersenses.gr\/fr\/wp-json\/wp\/v2\/pages"}],"about":[{"href":"https:\/\/www.summersenses.gr\/fr\/wp-json\/wp\/v2\/types\/page"}],"author":[{"embeddable":true,"href":"https:\/\/www.summersenses.gr\/fr\/wp-json\/wp\/v2\/users\/1"}],"replies":[{"embeddable":true,"href":"https:\/\/www.summersenses.gr\/fr\/wp-json\/wp\/v2\/comments?post=2893"}],"version-history":[{"count":4,"href":"https:\/\/www.summersenses.gr\/fr\/wp-json\/wp\/v2\/pages\/2893\/revisions"}],"predecessor-version":[{"id":2972,"href":"https:\/\/www.summersenses.gr\/fr\/wp-json\/wp\/v2\/pages\/2893\/revisions\/2972"}],"wp:attachment":[{"href":"https:\/\/www.summersenses.gr\/fr\/wp-json\/wp\/v2\/media?parent=2893"}],"curies":[{"name":"wp","href":"https:\/\/api.w.org\/{rel}","templated":true}]}}