{"id":2896,"date":"2019-05-03T12:06:40","date_gmt":"2019-05-03T09:06:40","guid":{"rendered":"https:\/\/www.summersenses.gr\/offers\/"},"modified":"2026-03-13T15:05:07","modified_gmt":"2026-03-13T13:05:07","slug":"offers","status":"publish","type":"page","link":"https:\/\/www.summersenses.gr\/fr\/offers\/","title":{"rendered":"Offres"},"content":{"rendered":"","protected":false},"excerpt":{"rendered":"","protected":false},"author":1,"featured_media":0,"parent":0,"menu_order":76,"comment_status":"closed","ping_status":"closed","template":"templates\/offers.php","meta":{"_acf_changed":false,"footnotes":""},"class_list":["post-2896","page","type-page","status-publish","hentry"],"acf":[],"yoast_head":"<!-- This site is optimized with the Yoast SEO plugin v25.7 - https:\/\/yoast.com\/wordpress\/plugins\/seo\/ -->\n<title>Offres Sp\u00e9ciales | Summer Senses Luxury Resort<\/title>\n<meta name=\"description\" content=\"D\u00e9couvrez les derni\u00e8res offres de Summer Senses Luxury Resort sur l&#039;\u00eele de Paros en Gr\u00e8ce.\" \/>\n<meta name=\"robots\" content=\"index, follow, max-snippet:-1, max-image-preview:large, max-video-preview:-1\" \/>\n<link rel=\"canonical\" href=\"https:\/\/www.summersenses.gr\/fr\/offers\/\" \/>\n<meta property=\"og:locale\" content=\"fr_FR\" \/>\n<meta property=\"og:type\" content=\"article\" \/>\n<meta property=\"og:title\" content=\"Offres Sp\u00e9ciales | Summer Senses Luxury Resort\" \/>\n<meta property=\"og:description\" content=\"D\u00e9couvrez les derni\u00e8res offres de Summer Senses Luxury Resort sur l&#039;\u00eele de Paros en Gr\u00e8ce.\" \/>\n<meta property=\"og:url\" content=\"https:\/\/www.summersenses.gr\/fr\/offers\/\" \/>\n<meta property=\"og:site_name\" content=\"Summer Senses Luxury Resort\" \/>\n<meta property=\"article:modified_time\" content=\"2026-03-13T13:05:07+00:00\" \/>\n<meta name=\"twitter:card\" content=\"summary_large_image\" \/>\n<script type=\"application\/ld+json\" class=\"yoast-schema-graph\">{\"@context\":\"https:\/\/schema.org\",\"@graph\":[{\"@type\":\"WebPage\",\"@id\":\"https:\/\/www.summersenses.gr\/fr\/offers\/\",\"url\":\"https:\/\/www.summersenses.gr\/fr\/offers\/\",\"name\":\"Offres Sp\u00e9ciales | Summer Senses Luxury Resort\",\"isPartOf\":{\"@id\":\"https:\/\/www.summersenses.gr\/fr\/#website\"},\"datePublished\":\"2019-05-03T09:06:40+00:00\",\"dateModified\":\"2026-03-13T13:05:07+00:00\",\"description\":\"D\u00e9couvrez les derni\u00e8res offres de Summer Senses Luxury Resort sur l'\u00eele de Paros en Gr\u00e8ce.\",\"breadcrumb\":{\"@id\":\"https:\/\/www.summersenses.gr\/fr\/offers\/#breadcrumb\"},\"inLanguage\":\"fr-FR\",\"potentialAction\":[{\"@type\":\"ReadAction\",\"target\":[\"https:\/\/www.summersenses.gr\/fr\/offers\/\"]}]},{\"@type\":\"BreadcrumbList\",\"@id\":\"https:\/\/www.summersenses.gr\/fr\/offers\/#breadcrumb\",\"itemListElement\":[{\"@type\":\"ListItem\",\"position\":1,\"name\":\"Home\",\"item\":\"https:\/\/www.summersenses.gr\/fr\/\"},{\"@type\":\"ListItem\",\"position\":2,\"name\":\"Offres\"}]},{\"@type\":\"WebSite\",\"@id\":\"https:\/\/www.summersenses.gr\/fr\/#website\",\"url\":\"https:\/\/www.summersenses.gr\/fr\/\",\"name\":\"Summer Senses Luxury Resort\",\"description\":\"\",\"potentialAction\":[{\"@type\":\"SearchAction\",\"target\":{\"@type\":\"EntryPoint\",\"urlTemplate\":\"https:\/\/www.summersenses.gr\/fr\/?s={search_term_string}\"},\"query-input\":{\"@type\":\"PropertyValueSpecification\",\"valueRequired\":true,\"valueName\":\"search_term_string\"}}],\"inLanguage\":\"fr-FR\"}]}<\/script>\n<!-- \/ Yoast SEO plugin. -->","yoast_head_json":{"title":"Offres Sp\u00e9ciales | Summer Senses Luxury Resort","description":"D\u00e9couvrez les derni\u00e8res offres de Summer Senses Luxury Resort sur l'\u00eele de Paros en Gr\u00e8ce.","robots":{"index":"index","follow":"follow","max-snippet":"max-snippet:-1","max-image-preview":"max-image-preview:large","max-video-preview":"max-video-preview:-1"},"canonical":"https:\/\/www.summersenses.gr\/fr\/offers\/","og_locale":"fr_FR","og_type":"article","og_title":"Offres Sp\u00e9ciales | Summer Senses Luxury Resort","og_description":"D\u00e9couvrez les derni\u00e8res offres de Summer Senses Luxury Resort sur l'\u00eele de Paros en Gr\u00e8ce.","og_url":"https:\/\/www.summersenses.gr\/fr\/offers\/","og_site_name":"Summer Senses Luxury Resort","article_modified_time":"2026-03-13T13:05:07+00:00","twitter_card":"summary_large_image","schema":{"@context":"https:\/\/schema.org","@graph":[{"@type":"WebPage","@id":"https:\/\/www.summersenses.gr\/fr\/offers\/","url":"https:\/\/www.summersenses.gr\/fr\/offers\/","name":"Offres Sp\u00e9ciales | Summer Senses Luxury Resort","isPartOf":{"@id":"https:\/\/www.summersenses.gr\/fr\/#website"},"datePublished":"2019-05-03T09:06:40+00:00","dateModified":"2026-03-13T13:05:07+00:00","description":"D\u00e9couvrez les derni\u00e8res offres de Summer Senses Luxury Resort sur l'\u00eele de Paros en Gr\u00e8ce.","breadcrumb":{"@id":"https:\/\/www.summersenses.gr\/fr\/offers\/#breadcrumb"},"inLanguage":"fr-FR","potentialAction":[{"@type":"ReadAction","target":["https:\/\/www.summersenses.gr\/fr\/offers\/"]}]},{"@type":"BreadcrumbList","@id":"https:\/\/www.summersenses.gr\/fr\/offers\/#breadcrumb","itemListElement":[{"@type":"ListItem","position":1,"name":"Home","item":"https:\/\/www.summersenses.gr\/fr\/"},{"@type":"ListItem","position":2,"name":"Offres"}]},{"@type":"WebSite","@id":"https:\/\/www.summersenses.gr\/fr\/#website","url":"https:\/\/www.summersenses.gr\/fr\/","name":"Summer Senses Luxury Resort","description":"","potentialAction":[{"@type":"SearchAction","target":{"@type":"EntryPoint","urlTemplate":"https:\/\/www.summersenses.gr\/fr\/?s={search_term_string}"},"query-input":{"@type":"PropertyValueSpecification","valueRequired":true,"valueName":"search_term_string"}}],"inLanguage":"fr-FR"}]}},"_links":{"self":[{"href":"https:\/\/www.summersenses.gr\/fr\/wp-json\/wp\/v2\/pages\/2896","targetHints":{"allow":["GET"]}}],"collection":[{"href":"https:\/\/www.summersenses.gr\/fr\/wp-json\/wp\/v2\/pages"}],"about":[{"href":"https:\/\/www.summersenses.gr\/fr\/wp-json\/wp\/v2\/types\/page"}],"author":[{"embeddable":true,"href":"https:\/\/www.summersenses.gr\/fr\/wp-json\/wp\/v2\/users\/1"}],"replies":[{"embeddable":true,"href":"https:\/\/www.summersenses.gr\/fr\/wp-json\/wp\/v2\/comments?post=2896"}],"version-history":[{"count":2,"href":"https:\/\/www.summersenses.gr\/fr\/wp-json\/wp\/v2\/pages\/2896\/revisions"}],"predecessor-version":[{"id":3837,"href":"https:\/\/www.summersenses.gr\/fr\/wp-json\/wp\/v2\/pages\/2896\/revisions\/3837"}],"wp:attachment":[{"href":"https:\/\/www.summersenses.gr\/fr\/wp-json\/wp\/v2\/media?parent=2896"}],"curies":[{"name":"wp","href":"https:\/\/api.w.org\/{rel}","templated":true}]}}