{"id":2902,"date":"2019-05-03T12:05:55","date_gmt":"2019-05-03T09:05:55","guid":{"rendered":"https:\/\/www.summersenses.gr\/the-hotel\/"},"modified":"2024-02-27T11:05:55","modified_gmt":"2024-02-27T09:05:55","slug":"the-hotel","status":"publish","type":"page","link":"https:\/\/www.summersenses.gr\/fr\/the-hotel\/","title":{"rendered":"L&rsquo;h\u00f4tel"},"content":{"rendered":"","protected":false},"excerpt":{"rendered":"","protected":false},"author":1,"featured_media":0,"parent":0,"menu_order":96,"comment_status":"closed","ping_status":"closed","template":"templates\/restaurant.php","meta":{"_acf_changed":false,"footnotes":""},"class_list":["post-2902","page","type-page","status-publish","hentry"],"acf":[],"yoast_head":"<!-- This site is optimized with the Yoast SEO plugin v25.7 - https:\/\/yoast.com\/wordpress\/plugins\/seo\/ -->\n<title>H\u00f4tel de luxe 5 \u00e9toiles \u00e0 Paros | Summer Senses<\/title>\n<meta name=\"description\" content=\"Bienvenue dans le plus grand h\u00f4tel de luxe 5 \u00e9toiles de Paros - un monde de d\u00e9tente inspir\u00e9 par les cinq sens d\u2019une journ\u00e9e typique de Paros.\" \/>\n<meta name=\"robots\" content=\"index, follow, max-snippet:-1, max-image-preview:large, max-video-preview:-1\" \/>\n<link rel=\"canonical\" href=\"https:\/\/www.summersenses.gr\/fr\/the-hotel\/\" \/>\n<meta property=\"og:locale\" content=\"fr_FR\" \/>\n<meta property=\"og:type\" content=\"article\" \/>\n<meta property=\"og:title\" content=\"H\u00f4tel de luxe 5 \u00e9toiles \u00e0 Paros | Summer Senses\" \/>\n<meta property=\"og:description\" content=\"Bienvenue dans le plus grand h\u00f4tel de luxe 5 \u00e9toiles de Paros - un monde de d\u00e9tente inspir\u00e9 par les cinq sens d\u2019une journ\u00e9e typique de Paros.\" \/>\n<meta property=\"og:url\" content=\"https:\/\/www.summersenses.gr\/fr\/the-hotel\/\" \/>\n<meta property=\"og:site_name\" content=\"Summer Senses Luxury Resort\" \/>\n<meta property=\"article:modified_time\" content=\"2024-02-27T09:05:55+00:00\" \/>\n<meta name=\"twitter:card\" content=\"summary_large_image\" \/>\n<script type=\"application\/ld+json\" class=\"yoast-schema-graph\">{\"@context\":\"https:\/\/schema.org\",\"@graph\":[{\"@type\":\"WebPage\",\"@id\":\"https:\/\/www.summersenses.gr\/fr\/the-hotel\/\",\"url\":\"https:\/\/www.summersenses.gr\/fr\/the-hotel\/\",\"name\":\"H\u00f4tel de luxe 5 \u00e9toiles \u00e0 Paros | Summer Senses\",\"isPartOf\":{\"@id\":\"https:\/\/www.summersenses.gr\/fr\/#website\"},\"datePublished\":\"2019-05-03T09:05:55+00:00\",\"dateModified\":\"2024-02-27T09:05:55+00:00\",\"description\":\"Bienvenue dans le plus grand h\u00f4tel de luxe 5 \u00e9toiles de Paros - un monde de d\u00e9tente inspir\u00e9 par les cinq sens d\u2019une journ\u00e9e typique de Paros.\",\"breadcrumb\":{\"@id\":\"https:\/\/www.summersenses.gr\/fr\/the-hotel\/#breadcrumb\"},\"inLanguage\":\"fr-FR\",\"potentialAction\":[{\"@type\":\"ReadAction\",\"target\":[\"https:\/\/www.summersenses.gr\/fr\/the-hotel\/\"]}]},{\"@type\":\"BreadcrumbList\",\"@id\":\"https:\/\/www.summersenses.gr\/fr\/the-hotel\/#breadcrumb\",\"itemListElement\":[{\"@type\":\"ListItem\",\"position\":1,\"name\":\"Home\",\"item\":\"https:\/\/www.summersenses.gr\/fr\/\"},{\"@type\":\"ListItem\",\"position\":2,\"name\":\"L&#8217;h\u00f4tel\"}]},{\"@type\":\"WebSite\",\"@id\":\"https:\/\/www.summersenses.gr\/fr\/#website\",\"url\":\"https:\/\/www.summersenses.gr\/fr\/\",\"name\":\"Summer Senses Luxury Resort\",\"description\":\"\",\"potentialAction\":[{\"@type\":\"SearchAction\",\"target\":{\"@type\":\"EntryPoint\",\"urlTemplate\":\"https:\/\/www.summersenses.gr\/fr\/?s={search_term_string}\"},\"query-input\":{\"@type\":\"PropertyValueSpecification\",\"valueRequired\":true,\"valueName\":\"search_term_string\"}}],\"inLanguage\":\"fr-FR\"}]}<\/script>\n<!-- \/ Yoast SEO plugin. -->","yoast_head_json":{"title":"H\u00f4tel de luxe 5 \u00e9toiles \u00e0 Paros | Summer Senses","description":"Bienvenue dans le plus grand h\u00f4tel de luxe 5 \u00e9toiles de Paros - un monde de d\u00e9tente inspir\u00e9 par les cinq sens d\u2019une journ\u00e9e typique de Paros.","robots":{"index":"index","follow":"follow","max-snippet":"max-snippet:-1","max-image-preview":"max-image-preview:large","max-video-preview":"max-video-preview:-1"},"canonical":"https:\/\/www.summersenses.gr\/fr\/the-hotel\/","og_locale":"fr_FR","og_type":"article","og_title":"H\u00f4tel de luxe 5 \u00e9toiles \u00e0 Paros | Summer Senses","og_description":"Bienvenue dans le plus grand h\u00f4tel de luxe 5 \u00e9toiles de Paros - un monde de d\u00e9tente inspir\u00e9 par les cinq sens d\u2019une journ\u00e9e typique de Paros.","og_url":"https:\/\/www.summersenses.gr\/fr\/the-hotel\/","og_site_name":"Summer Senses Luxury Resort","article_modified_time":"2024-02-27T09:05:55+00:00","twitter_card":"summary_large_image","schema":{"@context":"https:\/\/schema.org","@graph":[{"@type":"WebPage","@id":"https:\/\/www.summersenses.gr\/fr\/the-hotel\/","url":"https:\/\/www.summersenses.gr\/fr\/the-hotel\/","name":"H\u00f4tel de luxe 5 \u00e9toiles \u00e0 Paros | Summer Senses","isPartOf":{"@id":"https:\/\/www.summersenses.gr\/fr\/#website"},"datePublished":"2019-05-03T09:05:55+00:00","dateModified":"2024-02-27T09:05:55+00:00","description":"Bienvenue dans le plus grand h\u00f4tel de luxe 5 \u00e9toiles de Paros - un monde de d\u00e9tente inspir\u00e9 par les cinq sens d\u2019une journ\u00e9e typique de Paros.","breadcrumb":{"@id":"https:\/\/www.summersenses.gr\/fr\/the-hotel\/#breadcrumb"},"inLanguage":"fr-FR","potentialAction":[{"@type":"ReadAction","target":["https:\/\/www.summersenses.gr\/fr\/the-hotel\/"]}]},{"@type":"BreadcrumbList","@id":"https:\/\/www.summersenses.gr\/fr\/the-hotel\/#breadcrumb","itemListElement":[{"@type":"ListItem","position":1,"name":"Home","item":"https:\/\/www.summersenses.gr\/fr\/"},{"@type":"ListItem","position":2,"name":"L&#8217;h\u00f4tel"}]},{"@type":"WebSite","@id":"https:\/\/www.summersenses.gr\/fr\/#website","url":"https:\/\/www.summersenses.gr\/fr\/","name":"Summer Senses Luxury Resort","description":"","potentialAction":[{"@type":"SearchAction","target":{"@type":"EntryPoint","urlTemplate":"https:\/\/www.summersenses.gr\/fr\/?s={search_term_string}"},"query-input":{"@type":"PropertyValueSpecification","valueRequired":true,"valueName":"search_term_string"}}],"inLanguage":"fr-FR"}]}},"_links":{"self":[{"href":"https:\/\/www.summersenses.gr\/fr\/wp-json\/wp\/v2\/pages\/2902","targetHints":{"allow":["GET"]}}],"collection":[{"href":"https:\/\/www.summersenses.gr\/fr\/wp-json\/wp\/v2\/pages"}],"about":[{"href":"https:\/\/www.summersenses.gr\/fr\/wp-json\/wp\/v2\/types\/page"}],"author":[{"embeddable":true,"href":"https:\/\/www.summersenses.gr\/fr\/wp-json\/wp\/v2\/users\/1"}],"replies":[{"embeddable":true,"href":"https:\/\/www.summersenses.gr\/fr\/wp-json\/wp\/v2\/comments?post=2902"}],"version-history":[{"count":6,"href":"https:\/\/www.summersenses.gr\/fr\/wp-json\/wp\/v2\/pages\/2902\/revisions"}],"predecessor-version":[{"id":27520,"href":"https:\/\/www.summersenses.gr\/fr\/wp-json\/wp\/v2\/pages\/2902\/revisions\/27520"}],"wp:attachment":[{"href":"https:\/\/www.summersenses.gr\/fr\/wp-json\/wp\/v2\/media?parent=2902"}],"curies":[{"name":"wp","href":"https:\/\/api.w.org\/{rel}","templated":true}]}}