{"id":2911,"date":"2019-05-24T12:00:58","date_gmt":"2019-05-24T09:00:58","guid":{"rendered":"https:\/\/www.summersenses.gr\/location\/"},"modified":"2023-04-10T15:57:28","modified_gmt":"2023-04-10T12:57:28","slug":"location","status":"publish","type":"page","link":"https:\/\/www.summersenses.gr\/fr\/location\/","title":{"rendered":"Lieu"},"content":{"rendered":"","protected":false},"excerpt":{"rendered":"","protected":false},"author":1,"featured_media":0,"parent":0,"menu_order":71,"comment_status":"closed","ping_status":"closed","template":"templates\/island.php","meta":{"_acf_changed":false,"footnotes":""},"class_list":["post-2911","page","type-page","status-publish","hentry"],"acf":[],"yoast_head":"<!-- This site is optimized with the Yoast SEO plugin v25.7 - https:\/\/yoast.com\/wordpress\/plugins\/seo\/ -->\n<title>Lieu &amp; Acc\u00e8s | Summer Senses Luxury Resort<\/title>\n<meta name=\"description\" content=\"L&#039;h\u00f4tel de luxe Summer Senses \u00e0 Paros est situ\u00e9 \u00e0 l&#039;est de l&#039;\u00eele, en face de Naxos, et offre une vue magnifique sur la mer \u00c9g\u00e9e.\" \/>\n<meta name=\"robots\" content=\"index, follow, max-snippet:-1, max-image-preview:large, max-video-preview:-1\" \/>\n<link rel=\"canonical\" href=\"https:\/\/www.summersenses.gr\/fr\/location\/\" \/>\n<meta property=\"og:locale\" content=\"fr_FR\" \/>\n<meta property=\"og:type\" content=\"article\" \/>\n<meta property=\"og:title\" content=\"Lieu &amp; Acc\u00e8s | Summer Senses Luxury Resort\" \/>\n<meta property=\"og:description\" content=\"L&#039;h\u00f4tel de luxe Summer Senses \u00e0 Paros est situ\u00e9 \u00e0 l&#039;est de l&#039;\u00eele, en face de Naxos, et offre une vue magnifique sur la mer \u00c9g\u00e9e.\" \/>\n<meta property=\"og:url\" content=\"https:\/\/www.summersenses.gr\/fr\/location\/\" \/>\n<meta property=\"og:site_name\" content=\"Summer Senses Luxury Resort\" \/>\n<meta property=\"article:modified_time\" content=\"2023-04-10T12:57:28+00:00\" \/>\n<meta name=\"twitter:card\" content=\"summary_large_image\" \/>\n<script type=\"application\/ld+json\" class=\"yoast-schema-graph\">{\"@context\":\"https:\/\/schema.org\",\"@graph\":[{\"@type\":\"WebPage\",\"@id\":\"https:\/\/www.summersenses.gr\/fr\/location\/\",\"url\":\"https:\/\/www.summersenses.gr\/fr\/location\/\",\"name\":\"Lieu & Acc\u00e8s | Summer Senses Luxury Resort\",\"isPartOf\":{\"@id\":\"https:\/\/www.summersenses.gr\/fr\/#website\"},\"datePublished\":\"2019-05-24T09:00:58+00:00\",\"dateModified\":\"2023-04-10T12:57:28+00:00\",\"description\":\"L'h\u00f4tel de luxe Summer Senses \u00e0 Paros est situ\u00e9 \u00e0 l'est de l'\u00eele, en face de Naxos, et offre une vue magnifique sur la mer \u00c9g\u00e9e.\",\"breadcrumb\":{\"@id\":\"https:\/\/www.summersenses.gr\/fr\/location\/#breadcrumb\"},\"inLanguage\":\"fr-FR\",\"potentialAction\":[{\"@type\":\"ReadAction\",\"target\":[\"https:\/\/www.summersenses.gr\/fr\/location\/\"]}]},{\"@type\":\"BreadcrumbList\",\"@id\":\"https:\/\/www.summersenses.gr\/fr\/location\/#breadcrumb\",\"itemListElement\":[{\"@type\":\"ListItem\",\"position\":1,\"name\":\"Home\",\"item\":\"https:\/\/www.summersenses.gr\/fr\/\"},{\"@type\":\"ListItem\",\"position\":2,\"name\":\"Lieu\"}]},{\"@type\":\"WebSite\",\"@id\":\"https:\/\/www.summersenses.gr\/fr\/#website\",\"url\":\"https:\/\/www.summersenses.gr\/fr\/\",\"name\":\"Summer Senses Luxury Resort\",\"description\":\"\",\"potentialAction\":[{\"@type\":\"SearchAction\",\"target\":{\"@type\":\"EntryPoint\",\"urlTemplate\":\"https:\/\/www.summersenses.gr\/fr\/?s={search_term_string}\"},\"query-input\":{\"@type\":\"PropertyValueSpecification\",\"valueRequired\":true,\"valueName\":\"search_term_string\"}}],\"inLanguage\":\"fr-FR\"}]}<\/script>\n<!-- \/ Yoast SEO plugin. -->","yoast_head_json":{"title":"Lieu & Acc\u00e8s | Summer Senses Luxury Resort","description":"L'h\u00f4tel de luxe Summer Senses \u00e0 Paros est situ\u00e9 \u00e0 l'est de l'\u00eele, en face de Naxos, et offre une vue magnifique sur la mer \u00c9g\u00e9e.","robots":{"index":"index","follow":"follow","max-snippet":"max-snippet:-1","max-image-preview":"max-image-preview:large","max-video-preview":"max-video-preview:-1"},"canonical":"https:\/\/www.summersenses.gr\/fr\/location\/","og_locale":"fr_FR","og_type":"article","og_title":"Lieu & Acc\u00e8s | Summer Senses Luxury Resort","og_description":"L'h\u00f4tel de luxe Summer Senses \u00e0 Paros est situ\u00e9 \u00e0 l'est de l'\u00eele, en face de Naxos, et offre une vue magnifique sur la mer \u00c9g\u00e9e.","og_url":"https:\/\/www.summersenses.gr\/fr\/location\/","og_site_name":"Summer Senses Luxury Resort","article_modified_time":"2023-04-10T12:57:28+00:00","twitter_card":"summary_large_image","schema":{"@context":"https:\/\/schema.org","@graph":[{"@type":"WebPage","@id":"https:\/\/www.summersenses.gr\/fr\/location\/","url":"https:\/\/www.summersenses.gr\/fr\/location\/","name":"Lieu & Acc\u00e8s | Summer Senses Luxury Resort","isPartOf":{"@id":"https:\/\/www.summersenses.gr\/fr\/#website"},"datePublished":"2019-05-24T09:00:58+00:00","dateModified":"2023-04-10T12:57:28+00:00","description":"L'h\u00f4tel de luxe Summer Senses \u00e0 Paros est situ\u00e9 \u00e0 l'est de l'\u00eele, en face de Naxos, et offre une vue magnifique sur la mer \u00c9g\u00e9e.","breadcrumb":{"@id":"https:\/\/www.summersenses.gr\/fr\/location\/#breadcrumb"},"inLanguage":"fr-FR","potentialAction":[{"@type":"ReadAction","target":["https:\/\/www.summersenses.gr\/fr\/location\/"]}]},{"@type":"BreadcrumbList","@id":"https:\/\/www.summersenses.gr\/fr\/location\/#breadcrumb","itemListElement":[{"@type":"ListItem","position":1,"name":"Home","item":"https:\/\/www.summersenses.gr\/fr\/"},{"@type":"ListItem","position":2,"name":"Lieu"}]},{"@type":"WebSite","@id":"https:\/\/www.summersenses.gr\/fr\/#website","url":"https:\/\/www.summersenses.gr\/fr\/","name":"Summer Senses Luxury Resort","description":"","potentialAction":[{"@type":"SearchAction","target":{"@type":"EntryPoint","urlTemplate":"https:\/\/www.summersenses.gr\/fr\/?s={search_term_string}"},"query-input":{"@type":"PropertyValueSpecification","valueRequired":true,"valueName":"search_term_string"}}],"inLanguage":"fr-FR"}]}},"_links":{"self":[{"href":"https:\/\/www.summersenses.gr\/fr\/wp-json\/wp\/v2\/pages\/2911","targetHints":{"allow":["GET"]}}],"collection":[{"href":"https:\/\/www.summersenses.gr\/fr\/wp-json\/wp\/v2\/pages"}],"about":[{"href":"https:\/\/www.summersenses.gr\/fr\/wp-json\/wp\/v2\/types\/page"}],"author":[{"embeddable":true,"href":"https:\/\/www.summersenses.gr\/fr\/wp-json\/wp\/v2\/users\/1"}],"replies":[{"embeddable":true,"href":"https:\/\/www.summersenses.gr\/fr\/wp-json\/wp\/v2\/comments?post=2911"}],"version-history":[{"count":5,"href":"https:\/\/www.summersenses.gr\/fr\/wp-json\/wp\/v2\/pages\/2911\/revisions"}],"predecessor-version":[{"id":25064,"href":"https:\/\/www.summersenses.gr\/fr\/wp-json\/wp\/v2\/pages\/2911\/revisions\/25064"}],"wp:attachment":[{"href":"https:\/\/www.summersenses.gr\/fr\/wp-json\/wp\/v2\/media?parent=2911"}],"curies":[{"name":"wp","href":"https:\/\/api.w.org\/{rel}","templated":true}]}}