{"id":2930,"date":"2019-05-03T11:59:45","date_gmt":"2019-05-03T08:59:45","guid":{"rendered":"https:\/\/www.summersenses.gr\/homepage\/"},"modified":"2025-05-14T17:29:32","modified_gmt":"2025-05-14T14:29:32","slug":"homepage","status":"publish","type":"page","link":"https:\/\/www.summersenses.gr\/fr\/","title":{"rendered":"Homepage"},"content":{"rendered":"","protected":false},"excerpt":{"rendered":"","protected":false},"author":1,"featured_media":0,"parent":0,"menu_order":51,"comment_status":"closed","ping_status":"closed","template":"templates\/homepage.php","meta":{"_acf_changed":false,"footnotes":""},"class_list":["post-2930","page","type-page","status-publish","hentry"],"acf":[],"yoast_head":"<!-- This site is optimized with the Yoast SEO plugin v25.7 - https:\/\/yoast.com\/wordpress\/plugins\/seo\/ -->\n<title>H\u00f4tels Luxueux \u00e0 Paros | Summer Senses Luxury Resort Paros<\/title>\n<meta name=\"description\" content=\"Summer Senses est fier d&#039;accueillir des h\u00f4tes du monde entier dans le meilleur complexe luxueux de Paros. Passez les vacances d&#039;\u00e9t\u00e9 de vos r\u00eaves \u00e0 Paros.\" \/>\n<meta name=\"robots\" content=\"index, follow, max-snippet:-1, max-image-preview:large, max-video-preview:-1\" \/>\n<link rel=\"canonical\" href=\"https:\/\/www.summersenses.gr\/fr\/\" \/>\n<meta property=\"og:locale\" content=\"fr_FR\" \/>\n<meta property=\"og:type\" content=\"article\" \/>\n<meta property=\"og:title\" content=\"H\u00f4tels Luxueux \u00e0 Paros | Summer Senses Luxury Resort Paros\" \/>\n<meta property=\"og:description\" content=\"Summer Senses est fier d&#039;accueillir des h\u00f4tes du monde entier dans le meilleur complexe luxueux de Paros. Passez les vacances d&#039;\u00e9t\u00e9 de vos r\u00eaves \u00e0 Paros.\" \/>\n<meta property=\"og:url\" content=\"https:\/\/www.summersenses.gr\/fr\/\" \/>\n<meta property=\"og:site_name\" content=\"Summer Senses Luxury Resort\" \/>\n<meta property=\"article:modified_time\" content=\"2025-05-14T14:29:32+00:00\" \/>\n<meta name=\"twitter:card\" content=\"summary_large_image\" \/>\n<script type=\"application\/ld+json\" class=\"yoast-schema-graph\">{\"@context\":\"https:\/\/schema.org\",\"@graph\":[{\"@type\":\"WebPage\",\"@id\":\"https:\/\/www.summersenses.gr\/fr\/\",\"url\":\"https:\/\/www.summersenses.gr\/fr\/\",\"name\":\"H\u00f4tels Luxueux \u00e0 Paros | Summer Senses Luxury Resort Paros\",\"isPartOf\":{\"@id\":\"https:\/\/www.summersenses.gr\/fr\/#website\"},\"datePublished\":\"2019-05-03T08:59:45+00:00\",\"dateModified\":\"2025-05-14T14:29:32+00:00\",\"description\":\"Summer Senses est fier d'accueillir des h\u00f4tes du monde entier dans le meilleur complexe luxueux de Paros. Passez les vacances d'\u00e9t\u00e9 de vos r\u00eaves \u00e0 Paros.\",\"breadcrumb\":{\"@id\":\"https:\/\/www.summersenses.gr\/fr\/#breadcrumb\"},\"inLanguage\":\"fr-FR\",\"potentialAction\":[{\"@type\":\"ReadAction\",\"target\":[\"https:\/\/www.summersenses.gr\/fr\/\"]}]},{\"@type\":\"BreadcrumbList\",\"@id\":\"https:\/\/www.summersenses.gr\/fr\/#breadcrumb\",\"itemListElement\":[{\"@type\":\"ListItem\",\"position\":1,\"name\":\"Home\",\"item\":\"https:\/\/www.summersenses.gr\/fr\/\"},{\"@type\":\"ListItem\",\"position\":2,\"name\":\"Homepage\"}]},{\"@type\":\"WebSite\",\"@id\":\"https:\/\/www.summersenses.gr\/fr\/#website\",\"url\":\"https:\/\/www.summersenses.gr\/fr\/\",\"name\":\"Summer Senses Luxury Resort\",\"description\":\"\",\"potentialAction\":[{\"@type\":\"SearchAction\",\"target\":{\"@type\":\"EntryPoint\",\"urlTemplate\":\"https:\/\/www.summersenses.gr\/fr\/?s={search_term_string}\"},\"query-input\":{\"@type\":\"PropertyValueSpecification\",\"valueRequired\":true,\"valueName\":\"search_term_string\"}}],\"inLanguage\":\"fr-FR\"}]}<\/script>\n<!-- \/ Yoast SEO plugin. -->","yoast_head_json":{"title":"H\u00f4tels Luxueux \u00e0 Paros | Summer Senses Luxury Resort Paros","description":"Summer Senses est fier d'accueillir des h\u00f4tes du monde entier dans le meilleur complexe luxueux de Paros. Passez les vacances d'\u00e9t\u00e9 de vos r\u00eaves \u00e0 Paros.","robots":{"index":"index","follow":"follow","max-snippet":"max-snippet:-1","max-image-preview":"max-image-preview:large","max-video-preview":"max-video-preview:-1"},"canonical":"https:\/\/www.summersenses.gr\/fr\/","og_locale":"fr_FR","og_type":"article","og_title":"H\u00f4tels Luxueux \u00e0 Paros | Summer Senses Luxury Resort Paros","og_description":"Summer Senses est fier d'accueillir des h\u00f4tes du monde entier dans le meilleur complexe luxueux de Paros. Passez les vacances d'\u00e9t\u00e9 de vos r\u00eaves \u00e0 Paros.","og_url":"https:\/\/www.summersenses.gr\/fr\/","og_site_name":"Summer Senses Luxury Resort","article_modified_time":"2025-05-14T14:29:32+00:00","twitter_card":"summary_large_image","schema":{"@context":"https:\/\/schema.org","@graph":[{"@type":"WebPage","@id":"https:\/\/www.summersenses.gr\/fr\/","url":"https:\/\/www.summersenses.gr\/fr\/","name":"H\u00f4tels Luxueux \u00e0 Paros | Summer Senses Luxury Resort Paros","isPartOf":{"@id":"https:\/\/www.summersenses.gr\/fr\/#website"},"datePublished":"2019-05-03T08:59:45+00:00","dateModified":"2025-05-14T14:29:32+00:00","description":"Summer Senses est fier d'accueillir des h\u00f4tes du monde entier dans le meilleur complexe luxueux de Paros. Passez les vacances d'\u00e9t\u00e9 de vos r\u00eaves \u00e0 Paros.","breadcrumb":{"@id":"https:\/\/www.summersenses.gr\/fr\/#breadcrumb"},"inLanguage":"fr-FR","potentialAction":[{"@type":"ReadAction","target":["https:\/\/www.summersenses.gr\/fr\/"]}]},{"@type":"BreadcrumbList","@id":"https:\/\/www.summersenses.gr\/fr\/#breadcrumb","itemListElement":[{"@type":"ListItem","position":1,"name":"Home","item":"https:\/\/www.summersenses.gr\/fr\/"},{"@type":"ListItem","position":2,"name":"Homepage"}]},{"@type":"WebSite","@id":"https:\/\/www.summersenses.gr\/fr\/#website","url":"https:\/\/www.summersenses.gr\/fr\/","name":"Summer Senses Luxury Resort","description":"","potentialAction":[{"@type":"SearchAction","target":{"@type":"EntryPoint","urlTemplate":"https:\/\/www.summersenses.gr\/fr\/?s={search_term_string}"},"query-input":{"@type":"PropertyValueSpecification","valueRequired":true,"valueName":"search_term_string"}}],"inLanguage":"fr-FR"}]}},"_links":{"self":[{"href":"https:\/\/www.summersenses.gr\/fr\/wp-json\/wp\/v2\/pages\/2930","targetHints":{"allow":["GET"]}}],"collection":[{"href":"https:\/\/www.summersenses.gr\/fr\/wp-json\/wp\/v2\/pages"}],"about":[{"href":"https:\/\/www.summersenses.gr\/fr\/wp-json\/wp\/v2\/types\/page"}],"author":[{"embeddable":true,"href":"https:\/\/www.summersenses.gr\/fr\/wp-json\/wp\/v2\/users\/1"}],"replies":[{"embeddable":true,"href":"https:\/\/www.summersenses.gr\/fr\/wp-json\/wp\/v2\/comments?post=2930"}],"version-history":[{"count":7,"href":"https:\/\/www.summersenses.gr\/fr\/wp-json\/wp\/v2\/pages\/2930\/revisions"}],"predecessor-version":[{"id":30287,"href":"https:\/\/www.summersenses.gr\/fr\/wp-json\/wp\/v2\/pages\/2930\/revisions\/30287"}],"wp:attachment":[{"href":"https:\/\/www.summersenses.gr\/fr\/wp-json\/wp\/v2\/media?parent=2930"}],"curies":[{"name":"wp","href":"https:\/\/api.w.org\/{rel}","templated":true}]}}