{"id":7689,"date":"2020-12-10T09:41:21","date_gmt":"2020-12-10T07:41:21","guid":{"rendered":"https:\/\/www.summersenses.gr\/?page_id=7689"},"modified":"2025-10-13T16:08:17","modified_gmt":"2025-10-13T13:08:17","slug":"anassa-gym","status":"publish","type":"page","link":"https:\/\/www.summersenses.gr\/fr\/anassa-gym\/","title":{"rendered":"Salle de sport Anassa"},"content":{"rendered":"","protected":false},"excerpt":{"rendered":"","protected":false},"author":2,"featured_media":0,"parent":0,"menu_order":11,"comment_status":"closed","ping_status":"closed","template":"templates\/restaurant.php","meta":{"_acf_changed":false,"footnotes":""},"class_list":["post-7689","page","type-page","status-publish","hentry","page_categories-wellness"],"acf":[],"yoast_head":"<!-- This site is optimized with the Yoast SEO plugin v25.7 - https:\/\/yoast.com\/wordpress\/plugins\/seo\/ -->\n<title>Salle De Sport Ultramoderne \u00c0 Paros - Anassa Gym | Summer Senses<\/title>\n<meta name=\"description\" content=\"D\u00e9couvrez la salle de sport ultramoderne de Summer Senses \u00e0 Paros. Nos installations modernes offrent l&#039;environnement parfait pour votre entra\u00eenement.\" \/>\n<meta name=\"robots\" content=\"index, follow, max-snippet:-1, max-image-preview:large, max-video-preview:-1\" \/>\n<link rel=\"canonical\" href=\"https:\/\/www.summersenses.gr\/fr\/anassa-gym\/\" \/>\n<meta property=\"og:locale\" content=\"fr_FR\" \/>\n<meta property=\"og:type\" content=\"article\" \/>\n<meta property=\"og:title\" content=\"Salle De Sport Ultramoderne \u00c0 Paros - Anassa Gym | Summer Senses\" \/>\n<meta property=\"og:description\" content=\"D\u00e9couvrez la salle de sport ultramoderne de Summer Senses \u00e0 Paros. Nos installations modernes offrent l&#039;environnement parfait pour votre entra\u00eenement.\" \/>\n<meta property=\"og:url\" content=\"https:\/\/www.summersenses.gr\/fr\/anassa-gym\/\" \/>\n<meta property=\"og:site_name\" content=\"Summer Senses Luxury Resort\" \/>\n<meta property=\"article:modified_time\" content=\"2025-10-13T13:08:17+00:00\" \/>\n<meta name=\"twitter:card\" content=\"summary_large_image\" \/>\n<script type=\"application\/ld+json\" class=\"yoast-schema-graph\">{\"@context\":\"https:\/\/schema.org\",\"@graph\":[{\"@type\":\"WebPage\",\"@id\":\"https:\/\/www.summersenses.gr\/fr\/anassa-gym\/\",\"url\":\"https:\/\/www.summersenses.gr\/fr\/anassa-gym\/\",\"name\":\"Salle De Sport Ultramoderne \u00c0 Paros - Anassa Gym | Summer Senses\",\"isPartOf\":{\"@id\":\"https:\/\/www.summersenses.gr\/fr\/#website\"},\"datePublished\":\"2020-12-10T07:41:21+00:00\",\"dateModified\":\"2025-10-13T13:08:17+00:00\",\"description\":\"D\u00e9couvrez la salle de sport ultramoderne de Summer Senses \u00e0 Paros. Nos installations modernes offrent l'environnement parfait pour votre entra\u00eenement.\",\"breadcrumb\":{\"@id\":\"https:\/\/www.summersenses.gr\/fr\/anassa-gym\/#breadcrumb\"},\"inLanguage\":\"fr-FR\",\"potentialAction\":[{\"@type\":\"ReadAction\",\"target\":[\"https:\/\/www.summersenses.gr\/fr\/anassa-gym\/\"]}]},{\"@type\":\"BreadcrumbList\",\"@id\":\"https:\/\/www.summersenses.gr\/fr\/anassa-gym\/#breadcrumb\",\"itemListElement\":[{\"@type\":\"ListItem\",\"position\":1,\"name\":\"Home\",\"item\":\"https:\/\/www.summersenses.gr\/fr\/\"},{\"@type\":\"ListItem\",\"position\":2,\"name\":\"Salle de sport Anassa\"}]},{\"@type\":\"WebSite\",\"@id\":\"https:\/\/www.summersenses.gr\/fr\/#website\",\"url\":\"https:\/\/www.summersenses.gr\/fr\/\",\"name\":\"Summer Senses Luxury Resort\",\"description\":\"\",\"potentialAction\":[{\"@type\":\"SearchAction\",\"target\":{\"@type\":\"EntryPoint\",\"urlTemplate\":\"https:\/\/www.summersenses.gr\/fr\/?s={search_term_string}\"},\"query-input\":{\"@type\":\"PropertyValueSpecification\",\"valueRequired\":true,\"valueName\":\"search_term_string\"}}],\"inLanguage\":\"fr-FR\"}]}<\/script>\n<!-- \/ Yoast SEO plugin. -->","yoast_head_json":{"title":"Salle De Sport Ultramoderne \u00c0 Paros - Anassa Gym | Summer Senses","description":"D\u00e9couvrez la salle de sport ultramoderne de Summer Senses \u00e0 Paros. Nos installations modernes offrent l'environnement parfait pour votre entra\u00eenement.","robots":{"index":"index","follow":"follow","max-snippet":"max-snippet:-1","max-image-preview":"max-image-preview:large","max-video-preview":"max-video-preview:-1"},"canonical":"https:\/\/www.summersenses.gr\/fr\/anassa-gym\/","og_locale":"fr_FR","og_type":"article","og_title":"Salle De Sport Ultramoderne \u00c0 Paros - Anassa Gym | Summer Senses","og_description":"D\u00e9couvrez la salle de sport ultramoderne de Summer Senses \u00e0 Paros. Nos installations modernes offrent l'environnement parfait pour votre entra\u00eenement.","og_url":"https:\/\/www.summersenses.gr\/fr\/anassa-gym\/","og_site_name":"Summer Senses Luxury Resort","article_modified_time":"2025-10-13T13:08:17+00:00","twitter_card":"summary_large_image","schema":{"@context":"https:\/\/schema.org","@graph":[{"@type":"WebPage","@id":"https:\/\/www.summersenses.gr\/fr\/anassa-gym\/","url":"https:\/\/www.summersenses.gr\/fr\/anassa-gym\/","name":"Salle De Sport Ultramoderne \u00c0 Paros - Anassa Gym | Summer Senses","isPartOf":{"@id":"https:\/\/www.summersenses.gr\/fr\/#website"},"datePublished":"2020-12-10T07:41:21+00:00","dateModified":"2025-10-13T13:08:17+00:00","description":"D\u00e9couvrez la salle de sport ultramoderne de Summer Senses \u00e0 Paros. Nos installations modernes offrent l'environnement parfait pour votre entra\u00eenement.","breadcrumb":{"@id":"https:\/\/www.summersenses.gr\/fr\/anassa-gym\/#breadcrumb"},"inLanguage":"fr-FR","potentialAction":[{"@type":"ReadAction","target":["https:\/\/www.summersenses.gr\/fr\/anassa-gym\/"]}]},{"@type":"BreadcrumbList","@id":"https:\/\/www.summersenses.gr\/fr\/anassa-gym\/#breadcrumb","itemListElement":[{"@type":"ListItem","position":1,"name":"Home","item":"https:\/\/www.summersenses.gr\/fr\/"},{"@type":"ListItem","position":2,"name":"Salle de sport Anassa"}]},{"@type":"WebSite","@id":"https:\/\/www.summersenses.gr\/fr\/#website","url":"https:\/\/www.summersenses.gr\/fr\/","name":"Summer Senses Luxury Resort","description":"","potentialAction":[{"@type":"SearchAction","target":{"@type":"EntryPoint","urlTemplate":"https:\/\/www.summersenses.gr\/fr\/?s={search_term_string}"},"query-input":{"@type":"PropertyValueSpecification","valueRequired":true,"valueName":"search_term_string"}}],"inLanguage":"fr-FR"}]}},"_links":{"self":[{"href":"https:\/\/www.summersenses.gr\/fr\/wp-json\/wp\/v2\/pages\/7689","targetHints":{"allow":["GET"]}}],"collection":[{"href":"https:\/\/www.summersenses.gr\/fr\/wp-json\/wp\/v2\/pages"}],"about":[{"href":"https:\/\/www.summersenses.gr\/fr\/wp-json\/wp\/v2\/types\/page"}],"author":[{"embeddable":true,"href":"https:\/\/www.summersenses.gr\/fr\/wp-json\/wp\/v2\/users\/2"}],"replies":[{"embeddable":true,"href":"https:\/\/www.summersenses.gr\/fr\/wp-json\/wp\/v2\/comments?post=7689"}],"version-history":[{"count":5,"href":"https:\/\/www.summersenses.gr\/fr\/wp-json\/wp\/v2\/pages\/7689\/revisions"}],"predecessor-version":[{"id":31009,"href":"https:\/\/www.summersenses.gr\/fr\/wp-json\/wp\/v2\/pages\/7689\/revisions\/31009"}],"wp:attachment":[{"href":"https:\/\/www.summersenses.gr\/fr\/wp-json\/wp\/v2\/media?parent=7689"}],"curies":[{"name":"wp","href":"https:\/\/api.w.org\/{rel}","templated":true}]}}